{"id":739,"date":"2021-03-15T15:38:57","date_gmt":"2021-03-15T14:38:57","guid":{"rendered":"http:\/\/boucentransition.online.fr\/?page_id=739"},"modified":"2021-03-15T15:46:34","modified_gmt":"2021-03-15T14:46:34","slug":"les-groupes-thematiques","status":"publish","type":"page","link":"http:\/\/boucentransition.online.fr\/index.php\/les-groupes-thematiques\/","title":{"rendered":"Les groupes th\u00e9matiques"},"content":{"rendered":"\n<p>Les actions du collectif se traduisent concr\u00e8tement au sein des diff\u00e9rents groupes th\u00e9matiques du collectif (liste au 01\/03\/2021) :<\/p>\n\n\n\n<ul><li>Jardins partag\u00e9s &amp; Lieux de partage<\/li><li>Transport &amp; Mobilit\u00e9 douce<\/li><li>Energie<\/li><li>Commerces de proximit\u00e9 &amp; Monnaie locale<\/li><\/ul>\n\n\n\n<p><\/p>\n\n\n\n<p><\/p>\n","protected":false},"excerpt":{"rendered":"<p>Les actions du collectif se traduisent concr\u00e8tement au sein des diff\u00e9rents groupes th\u00e9matiques du collectif (liste au 01\/03\/2021) : Jardins partag\u00e9s &amp; Lieux de partage Transport &amp; Mobilit\u00e9 douce Energie Commerces de proximit\u00e9 &amp; Monnaie locale<\/p>\n","protected":false},"author":5,"featured_media":0,"parent":0,"menu_order":0,"comment_status":"closed","ping_status":"closed","template":"","meta":[],"_links":{"self":[{"href":"http:\/\/boucentransition.online.fr\/index.php\/wp-json\/wp\/v2\/pages\/739"}],"collection":[{"href":"http:\/\/boucentransition.online.fr\/index.php\/wp-json\/wp\/v2\/pages"}],"about":[{"href":"http:\/\/boucentransition.online.fr\/index.php\/wp-json\/wp\/v2\/types\/page"}],"author":[{"embeddable":true,"href":"http:\/\/boucentransition.online.fr\/index.php\/wp-json\/wp\/v2\/users\/5"}],"replies":[{"embeddable":true,"href":"http:\/\/boucentransition.online.fr\/index.php\/wp-json\/wp\/v2\/comments?post=739"}],"version-history":[{"count":4,"href":"http:\/\/boucentransition.online.fr\/index.php\/wp-json\/wp\/v2\/pages\/739\/revisions"}],"predecessor-version":[{"id":770,"href":"http:\/\/boucentransition.online.fr\/index.php\/wp-json\/wp\/v2\/pages\/739\/revisions\/770"}],"wp:attachment":[{"href":"http:\/\/boucentransition.online.fr\/index.php\/wp-json\/wp\/v2\/media?parent=739"}],"curies":[{"name":"wp","href":"https:\/\/api.w.org\/{rel}","templated":true}]}}