{"id":69,"date":"2019-10-10T23:58:31","date_gmt":"2019-10-10T21:58:31","guid":{"rendered":"http:\/\/boucentransition.online.fr\/?page_id=69"},"modified":"2019-10-23T22:14:27","modified_gmt":"2019-10-23T20:14:27","slug":"la-transition-en-question","status":"publish","type":"page","link":"http:\/\/boucentransition.online.fr\/index.php\/la-transition-en-question\/","title":{"rendered":"La transition en question"},"content":{"rendered":"\n<p><a href=\"http:\/\/88.185.59.163\/category\/documentation\/\">Documentation<\/a><a href=\"http:\/\/88.185.59.163\/la-transition-en-question\/\">&nbsp;24 septembre 2019<\/a><\/p>\n\n\n\n<h2><a href=\"http:\/\/88.185.59.163\/la-transition-en-question\/\"><br><em>La Transition en question<\/em><\/a><\/h2>\n\n\n\n<p>Le fondateur du R\u00e9seau de la Transition Rob Hopkins, nous parle de la premi\u00e8re ville con\u00e7ue pour s\u2019adapter au pic p\u00e9trolier: Totnes en Angleterre. Son livre Le Manuel de la Transition nous montre comment s\u2019organiser avec une vie communautaire, afin de s\u2019adapter, de d\u00e9velopper la r\u00e9silience par rapport au prochain choc p\u00e9trolier: le pic p\u00e9trolier.<\/p>\n\n\n\n<figure><iframe src=\"https:\/\/www.youtube.com\/embed\/18EfSfefDEk?version=3&amp;rel=1&amp;fs=1&amp;autohide=2&amp;showsearch=0&amp;showinfo=1&amp;iv_load_policy=1&amp;wmode=transparent\" allowfullscreen=\"true\"><\/iframe><\/figure>\n\n\n\n<p>Son ouvrage est disponible et a \u00e9t\u00e9 traduit en fran\u00e7ais.<br><br><a rel=\"noreferrer noopener\" href=\"http:\/\/www.entransition.fr\/le-manuel\/\" target=\"_blank\">Vous pouvez vous le procurer<\/a>&nbsp;en librairie&nbsp;<a rel=\"noreferrer noopener\" href=\"http:\/\/www.revuesilence.net\/index.php?page=livre_transition\" target=\"_blank\">ou par internet chez Silence<\/a><\/p>\n\n\n\n<figure class=\"wp-block-image\"><img src=\"http:\/\/88.185.59.163\/wp-content\/uploads\/2019\/02\/manuel-de-transition.jpg\" alt=\"\" class=\"wp-image-39\"\/><\/figure>\n\n\n\n<p><br><br>Une version r\u00e9sum\u00e9e et en licence&nbsp;<a href=\"http:\/\/creativecommons.fr\/\">Creative Commons<\/a><br>est diffus\u00e9e depuis 2017 \/ CC BY NC<\/p>\n\n\n\n<figure class=\"wp-block-image\"><a href=\"http:\/\/88.185.59.163\/wp-content\/uploads\/2019\/02\/Le-Guide-Essentiel-de-la-Transition.pdf\" target=\"_blank\" rel=\"noreferrer noopener\"><img src=\"http:\/\/88.185.59.163\/wp-content\/uploads\/2019\/02\/le-guide-essentiel-de-la-transition.jpg\" alt=\"\" class=\"wp-image-38\"\/><\/a><\/figure>\n\n\n\n<p><strong><a href=\"http:\/\/88.185.59.163\/wp-content\/uploads\/2019\/02\/Le-Guide-Essentiel-de-la-Transition.pdf\">Le Guide essentiel de la Transition<\/a><\/strong><\/p>\n\n\n\n<h2><a href=\"http:\/\/88.185.59.163\/la-transition-nous-concerne-tous\/\">La Transition nous concerne tous<\/a><\/h2>\n\n\n\n<p><a href=\"http:\/\/88.185.59.163\/category\/documentation\/\">Documentation<\/a><a href=\"http:\/\/88.185.59.163\/la-transition-nous-concerne-tous\/\">&nbsp;24 septembre 2019 <\/a><a href=\"http:\/\/88.185.59.163\/tag\/video\/\">Vid\u00e9o<\/a><a href=\"http:\/\/88.185.59.163\/la-transition-nous-concerne-tous\/#respond\">&nbsp;<\/a>Lecteur vid\u00e9o00:0020:37<\/p>\n\n\n\n<p>Source :&nbsp;<a href=\"https:\/\/www.canal-u.tv\/video\/canal_uved\/la_transition_ecologique_concerne_toutes_les_disciplines_nous_concerne_tous.45179\" target=\"_blank\" rel=\"noreferrer noopener\">Canal-U<\/a><\/p>\n\n\n\n<p><a href=\"https:\/\/www.linfodurable.fr\/educationcitoyennete\/sept-formations-pour-se-former-aux-enjeux-de-la-transition-10232\">Et il y a aussi des formations concernant la transition \u00e9cologique<\/a><br><\/p>\n","protected":false},"excerpt":{"rendered":"<p>Documentation&nbsp;24 septembre 2019 La Transition en question Le fondateur du R\u00e9seau de la Transition Rob Hopkins, nous parle de la premi\u00e8re ville con\u00e7ue pour s\u2019adapter au pic p\u00e9trolier: Totnes en Angleterre. Son livre Le Manuel de la Transition nous montre<\/p>\n","protected":false},"author":5,"featured_media":0,"parent":0,"menu_order":0,"comment_status":"closed","ping_status":"closed","template":"","meta":[],"_links":{"self":[{"href":"http:\/\/boucentransition.online.fr\/index.php\/wp-json\/wp\/v2\/pages\/69"}],"collection":[{"href":"http:\/\/boucentransition.online.fr\/index.php\/wp-json\/wp\/v2\/pages"}],"about":[{"href":"http:\/\/boucentransition.online.fr\/index.php\/wp-json\/wp\/v2\/types\/page"}],"author":[{"embeddable":true,"href":"http:\/\/boucentransition.online.fr\/index.php\/wp-json\/wp\/v2\/users\/5"}],"replies":[{"embeddable":true,"href":"http:\/\/boucentransition.online.fr\/index.php\/wp-json\/wp\/v2\/comments?post=69"}],"version-history":[{"count":8,"href":"http:\/\/boucentransition.online.fr\/index.php\/wp-json\/wp\/v2\/pages\/69\/revisions"}],"predecessor-version":[{"id":255,"href":"http:\/\/boucentransition.online.fr\/index.php\/wp-json\/wp\/v2\/pages\/69\/revisions\/255"}],"wp:attachment":[{"href":"http:\/\/boucentransition.online.fr\/index.php\/wp-json\/wp\/v2\/media?parent=69"}],"curies":[{"name":"wp","href":"https:\/\/api.w.org\/{rel}","templated":true}]}}