{"id":496,"date":"2019-11-13T21:41:06","date_gmt":"2019-11-13T20:41:06","guid":{"rendered":"http:\/\/boucentransition.online.fr\/?page_id=496"},"modified":"2021-03-15T15:08:30","modified_gmt":"2021-03-15T14:08:30","slug":"a-consulter-alimentation","status":"publish","type":"page","link":"http:\/\/boucentransition.online.fr\/index.php\/a-consulter-alimentation\/","title":{"rendered":"Informations ALIMENTATION"},"content":{"rendered":"\n<p>Cette page regroupe l\u2019ensembles des livres, ouvrages, sites internet, articles, films, documentaires ou encore sites physiques \u00e0 visiter concernant le th\u00e8me\u00a0<strong>de l&rsquo;alimentation<\/strong>\u00a0s\u2019inscrivant dans la\u00a0<strong>transition \u00e9cologique<\/strong>.<br>Pour nous proposer une r\u00e9f\u00e9rence sur ce th\u00e8me,\u00a0<a href=\"http:\/\/boucentransition.online.fr\/index.php\/contact\/\">\u00e9crivez-nous<\/a>.<\/p>\n\n\n\n<p> <strong>Des id\u00e9es, des envies en lien avec l&rsquo;alimentation ?<\/strong> Rejoignez-nous pour inventer ensemble des moyens de production de nourriture et une alimentation en coh\u00e9rence avec la transition. Abonnez vous \u00e0 la liste de diffusion de notre groupe de travail \u00ab\u00a0<a href=\"http:\/\/ https:\/\/framalistes.org\/sympa\/subscribe\/jardinpartage_boucentransition \">jardin partag\u00e9<\/a>\u00ab\u00a0. Consultez nos avanc\u00e9es sur la page \u00ab\u00a0<a href=\"http:\/\/boucentransition.online.fr\/index.php\/category\/agriculture-alimentation\/\">agriculture-alimentation<\/a>\u00ab\u00a0. <\/p>\n\n\n\n<p><span style=\"text-decoration: underline;\">A lire<\/span>\u00a0:<br> \u00ab\u00a0Guide m\u00e9thodologique pour accompagner les projets de jardins partag\u00e9s, \u00e9ducatifs et \u00e9cologiques\u00a0\u00bb (<a href=\"http:\/\/jardins-partages.org\/telechargezmoi_files\/jardin_des_possibles.pdf\">http:\/\/jardins-partages.org\/telechargezmoi_files\/jardin_des_possibles.pdf<\/a>)<\/p>\n\n\n\n<p><span style=\"text-decoration: underline;\">Exemples inspirants<\/span>\u00a0:<\/p>\n\n\n\n<ul><li><strong>Cabri\u00e8s<\/strong> (13) : \u00ab\u00a0<a href=\"https:\/\/www.facebook.com\/lapelledelaterre\/\">La Pelle de la Terre<\/a>\u00a0\u00bb, jardin partag\u00e9<\/li><li><strong>Gardanne<\/strong> (13)\u00a0: \u00ab\u00a0<a href=\"http:\/\/www.ville-gardanne.fr\/Un-jardin-qui-se-partage\">Un jardin qui se partage<\/a>\u00a0\u00bb<\/li><li><strong>Simiane<\/strong> (13) : groupe \u00ab\u00a0<a href=\"http:\/\/www.simianetransition.org\/presentation-du-groupe-alimentation-2\">alimentation<\/a>\u00a0\u00bb et groupe \u00ab\u00a0<a href=\"http:\/\/www.simianetransition.org\/presentation-du-groupe-agro-ecologie\">agro-\u00e9cologie<\/a>\u00ab\u00a0<\/li><li><strong>Fuveau<\/strong> (13) : \u00ab\u00a0<a href=\"https:\/\/www.facebook.com\/oasisdelanourrice\">Oasis de la nourrice\u00a0<\/a>\u00bb<\/li><li><strong>Marseille<\/strong> : Pour une agriculture urbaine innovante en milieu m\u00e9diterran\u00e9en (<a href=\"https:\/\/www.heko.farm\/\">https:\/\/www.heko.farm\/<\/a>)<\/li><li><strong>Die<\/strong> (26)\u00a0: <a href=\"https:\/\/www.lesjardinsnourriciers.com\/\">https:\/\/www.lesjardinsnourriciers.com\/<\/a><\/li><li><strong>Mouans-Sartoux<\/strong> (06)\u00a0: <a href=\"https:\/\/mouans-sartoux.net\/qualite-de-vie\/regie-agricole-2\">r\u00e9gie agricole<\/a><\/li><li><strong>France<\/strong> : mouvement citoyen d&rsquo;agriculture urbaine participative <a href=\"http:\/\/lesincroyablescomestibles.fr\/\">http:\/\/lesincroyablescomestibles.fr\/<\/a> . Mouvement issu de Incredible Edible, mouvement participatif citoyen d\u2019agriculture urbaine et d\u2019abondance partag\u00e9e n\u00e9 en 2008 \u00e0 Todmorden, petite ville de 15.000 habitants (comme Bouc\u00a0\ud83d\ude09 )situ\u00e9e dans une vall\u00e9e du Yorkshire, \u00e0 une trentaine de kilom\u00e8tres au nord de Manchester.<\/li><li>\u2026<\/li><\/ul>\n\n\n\n<p><span style=\"text-decoration: underline;\">A voir\u00a0aussi<\/span> :<\/p>\n\n\n\n<ul><li><span style=\"text-decoration: underline;\"><\/span> \u00ab\u00a0Agriculture industrielle : produire \u00e0 mort\u00a0\u00bb par #DATAGUEULE (<a href=\"https:\/\/www.youtube.com\/watch?v=3rtEMp8_7z4\">https:\/\/www.youtube.com\/watch?v=3rtEMp8_7z4<\/a>)<\/li><li> \u00ab\u00a0Eau rage, eau des espoirs !\u00a0\u00bb par #DATAGUEULE (<a href=\"https:\/\/www.youtube.com\/watch?v=wH9dMNWjL2s&amp;t=262s\">https:\/\/www.youtube.com\/watch?v=wH9dMNWjL2s&amp;t=262s<\/a>)<\/li><li> \u00ab\u00a0Les Jardins Nourriciers du Diois\u00a0\u00bb : remettre en culture des terrains agricoles inutilis\u00e9s (<a href=\"https:\/\/www.youtube.com\/watch?time_continue=1&amp;v=RhGSuq-YQ-I\">https:\/\/www.youtube.com\/watch?time_continue=1&amp;v=RhGSuq-YQ-I<\/a>)<\/li><li> \u00ab\u00a0SCIC Terre en Chemin\u00a0\u00bb, Alloue (16)\u00a0: (<a href=\"https:\/\/www.youtube.com\/watch?v=Deq39xg3LVM\">https:\/\/www.youtube.com\/watch?v=Deq39xg3LVM<\/a>)<\/li><li> \u00a0\u00ab\u00a0Permaculture, la voie de l&rsquo;autonomie\u00a0\u00bb\u00a0: film en salle depuis juin 2019 (<a href=\"http:\/\/lesincroyablescomestibles.fr\/permaculture-la-voie-de-lautonomie-sort-en-salle\/\">http:\/\/lesincroyablescomestibles.fr\/permaculture-la-voie-de-lautonomie-sort-en-salle\/<\/a>)<\/li><li> \u00ab\u00a0Caf\u00e9 des spores\u00a0\u00bb : faire pousser des champignons sur du marc de caf\u00e9  (<a href=\"https:\/\/www.youtube.com\/watch?v=pMptjSaLQm0\">https:\/\/www.youtube.com\/watch?v=pMptjSaLQm0<\/a>) mais dans des sacs plastiques\u00a0\ud83d\ude41<\/li><\/ul>\n","protected":false},"excerpt":{"rendered":"<p>Cette page regroupe l\u2019ensembles des livres, ouvrages, sites internet, articles, films, documentaires ou encore sites physiques \u00e0 visiter concernant le th\u00e8me\u00a0de l&rsquo;alimentation\u00a0s\u2019inscrivant dans la\u00a0transition \u00e9cologique.Pour nous proposer une r\u00e9f\u00e9rence sur ce th\u00e8me,\u00a0\u00e9crivez-nous. Des id\u00e9es, des envies en lien avec l&rsquo;alimentation<\/p>\n","protected":false},"author":5,"featured_media":0,"parent":0,"menu_order":0,"comment_status":"closed","ping_status":"closed","template":"","meta":[],"_links":{"self":[{"href":"http:\/\/boucentransition.online.fr\/index.php\/wp-json\/wp\/v2\/pages\/496"}],"collection":[{"href":"http:\/\/boucentransition.online.fr\/index.php\/wp-json\/wp\/v2\/pages"}],"about":[{"href":"http:\/\/boucentransition.online.fr\/index.php\/wp-json\/wp\/v2\/types\/page"}],"author":[{"embeddable":true,"href":"http:\/\/boucentransition.online.fr\/index.php\/wp-json\/wp\/v2\/users\/5"}],"replies":[{"embeddable":true,"href":"http:\/\/boucentransition.online.fr\/index.php\/wp-json\/wp\/v2\/comments?post=496"}],"version-history":[{"count":12,"href":"http:\/\/boucentransition.online.fr\/index.php\/wp-json\/wp\/v2\/pages\/496\/revisions"}],"predecessor-version":[{"id":751,"href":"http:\/\/boucentransition.online.fr\/index.php\/wp-json\/wp\/v2\/pages\/496\/revisions\/751"}],"wp:attachment":[{"href":"http:\/\/boucentransition.online.fr\/index.php\/wp-json\/wp\/v2\/media?parent=496"}],"curies":[{"name":"wp","href":"https:\/\/api.w.org\/{rel}","templated":true}]}}