{"id":464,"date":"2019-11-08T10:13:01","date_gmt":"2019-11-08T09:13:01","guid":{"rendered":"http:\/\/boucentransition.online.fr\/?page_id=464"},"modified":"2021-03-15T15:08:57","modified_gmt":"2021-03-15T14:08:57","slug":"a-consulter-energie","status":"publish","type":"page","link":"http:\/\/boucentransition.online.fr\/index.php\/a-consulter-energie\/","title":{"rendered":"Informations \u00c9NERGIE"},"content":{"rendered":"\n<p>Cette page regroupe l&rsquo;ensemble des livres, ouvrages, sites internet, articles, films, documentaires ou encore sites physiques \u00e0 visiter concernant le th\u00e8me <strong>ENERGIE<\/strong> dans la <strong>transition \u00e9cologique<\/strong>.<br>Pour nous proposer une r\u00e9f\u00e9rence sur ce th\u00e8me, <a href=\"http:\/\/boucentransition.online.fr\/index.php\/contact\/\">\u00e9crivez-nous<\/a>.<\/p>\n\n\n\n<p><strong>Des id\u00e9es, des envies en lien avec l&rsquo;\u00e9nergie ?<\/strong>  Rejoignez-nous pour inventer ensemble une \u00e9nergie au service de la transition. Abonnez vous \u00e0 la liste de diffusion de notre groupe de travail <a href=\"https:\/\/framalistes.org\/sympa\/subscribe\/energie_boucentransition \">ICI<\/a>. Consultez nos avanc\u00e9es sur la page d\u00e9di\u00e9e <a href=\"http:\/\/boucentransition.online.fr\/index.php\/category\/energie\/\">ICI<\/a>.  <\/p>\n\n\n\n<h3>\u00c9nergie et Chasse au Gaspillage \u00c9nerg\u00e9tique <\/h3>\n\n\n\n<p>Le groupe \u00ab\u00a0\u00e9nergie\u00a0\u00bb de Bouc-en-Transition travaille principalement sur la mise ne place d&rsquo;une soci\u00e9t\u00e9 citoyenne de production photovolta\u00efque (cf plus bas) tout en gardant en t\u00eate que les futurs soci\u00e9taires seront fortement encourag\u00e9s \u00e0 r\u00e9aliser une chasse au gaspillage \u00e9nerg\u00e9tique. Ce groupe n&rsquo;a pas encore organis\u00e9 d&rsquo;atelier sp\u00e9cifique sur le sujet mais nous par contre, il est possible de se rapprocher de Simiane en Transition, Cabri\u00e8s-Calas en Transition ou Pays d&rsquo;Aix en Transition pour participer \u00e0 leurs actions. Vous pouvez suivre leurs actualit\u00e9s via les liens suivants :<\/p>\n\n\n\n<ul><li><a href=\"http:\/\/www.paysdaixentransition.org\/tous-les-groupes\/sobriete-energetique\/\">Page \u00ab\u00a0Sobri\u00e9t\u00e9 &#8211; \u00c9nerg\u00e9tique\u00a0\u00bb de PaysdAixEnTransition<\/a> <\/li><li>Simiane-en-Transition a qui travaille sur les diagnostics \u00e9nerg\u00e9tiques de maisons \u00e0 Simiane et sur la sobri\u00e9t\u00e9. Si quelqu\u2019un veut s\u2019emparer de la question sur Bouc, il serait opportun de se rapprocher d\u2019eux (cf leur <a href=\"https:\/\/www.facebook.com\/simianeentransition\">page Facebook<\/a>)<\/li><li>Cabri\u00e8s-Calas en Transition propose \u00e9galement des ateliers \u00ab chasse au gaspi \u00bb (contacter cabries.en.transition@gmail.com ou suivre l&rsquo;actualit\u00e9s de la <a href=\"https:\/\/www.facebook.com\/CabriesCalas.en.transition\">page Facebook<\/a> (prochain atelier le 3 octobre 2020)<\/li><\/ul>\n\n\n\n<p>Et il est possible de lancer des ateliers sur Bouc-Bel-Air si cela vous int\u00e9resse de prendre en main un groupe sp\u00e9cifique sur Bouc-Bel-Air. N&rsquo;h\u00e9sitez pas \u00e0 nous contacter&#8230;<\/p>\n\n\n\n<h3>Photovolta\u00efque Citoyen<\/h3>\n\n\n\n<p>Depuis septembre 2019, le groupe \u00ab\u00a0\u00e9nergie\u00a0\u00bb du collectif Bouc-en-Transition travaille principalement sur la mise en place d&rsquo;une soci\u00e9t\u00e9 citoyenne de production photovolta\u00efque. Le groupe a cr\u00e9\u00e9e l&rsquo;association Bouc-SolAir en novembre 2020. Il est possible d&rsquo;en suivre les avanc\u00e9es du groupe sur la <a href=\"http:\/\/boucentransition.online.fr\/index.php\/category\/energie\/\">page th\u00e9matique \u00e9nergie<\/a> et de rejoindre le groupe de travail en <a href=\"http:\/\/boucentransition.online.fr\/index.php\/contact\/\">nous contactant ici<\/a>. Les lignes suivantes recensent des liens int\u00e9ressants \u00e0 consulter sur le sujet du photovolta\u00efque citoyen.<\/p>\n\n\n\n<p><span style=\"text-decoration: underline;\">Actualit\u00e9<\/span>s&nbsp;:<br> \u2022   <a href=\"https:\/\/energie-partagee.org\/journee-regionale-paca-le-29-octobre-le-photovoltaique-en-region-sud-jouons-collectif\/\">Journ\u00e9e R\u00e9gionale PACA le 29 octobre 2020 \u00e0 Marseille : \u201cLe photovolta\u00efque en r\u00e9gion Sud, jouons collectif !\u201d<\/a><\/p>\n\n\n\n<p> \u2022   (actualit\u00e9 pass\u00e9e mais on y \u00e9tait : 1\u00e8res Assises des Energie Renouvelables citoyennes, le 10 d\u00e9cembre \u00e0 Montpellier (covoiturage possible) : <a href=\"https:\/\/energie-partagee.org\/10-decembre-2019-assises-enr-citoyennes\/\">assises \u00e9nergies renouvelables citoyennes &#8211; d\u00e9cembre 2019<\/a> )<\/p>\n\n\n\n<p><span style=\"text-decoration: underline;\">A lire<\/span>&nbsp;:<br> \u2022    \u00ab&nbsp;Projets d\u2019\u00e9nergie renouvelable &amp; citoyenne : S\u2019orienter pour bien d\u00e9marrer&nbsp;\u00bb (<a href=\"https:\/\/energie-partagee.org\/wp-content\/uploads\/2018\/06\/Projet-EnR-citoyenne-Sorienter-pour-bien-demarrer_web.pdf\">https:\/\/energie-partagee.org\/wp-content\/uploads\/2018\/06\/Projet-EnR-citoyenne-Sorienter-pour-bien-demarrer_web.pdf<\/a>)<br> \u2022    Les grappes solaires, une nouvelle fili\u00e8re dans le mouvement des \u00e9nergies citoyennes : <br>      \u25e6    <a href=\"https:\/\/energie-partagee.org\/grappes-solaires-nouvelle-filiere\">https:\/\/energie-partagee.org\/grappes-solaires-nouvelle-filiere<\/a><br>      \u25e6    <a href=\"https:\/\/energie-partagee.org\/grappes-solaires-citoyennes-loffre-integree-denergie-partagee-et-la-nef\/\">https:\/\/energie-partagee.org\/grappes-solaires-citoyennes-loffre-integree-denergie-partagee-et-la-nef\/<\/a><\/p>\n\n\n\n<p><span style=\"text-decoration: underline;\">Des exemples concrets chez nos voisines proches et ailleurs\u2026 pour trouver l\u2019inspiratio<\/span>n&nbsp;:<\/p>\n\n\n\n<ul><li><strong>Malaunay<\/strong> <strong>(76)<\/strong> : 1\u00e8re op\u00e9ration d\u2019autoconsommation collective \u00e9tendue \u00e0 2 km. A ce jour, 19 \u00e9quipements \/ b\u00e2timents b\u00e9n\u00e9ficient de la production locale des 5 centrales. (t\u00e9moignage de la Directrice de l&rsquo;Environnement et des Moyens Techniques de la Ville de MALAUNAY \u00e0 la minute 27 de cette <a href=\"https:\/\/www.youtube.com\/watch?v=VughU5z96f8&amp;feature=youtu.be\">vid\u00e9o de la 3\u00e8me universit\u00e9 de l\u2019autoconsommation Photovolta\u00efque de sept. 2020<\/a>)<\/li><li><strong>Nantes (44)<\/strong> : <a href=\"https:\/\/www.youtube.com\/watch?v=1b5tRfSTas0\">R\u00e9novation BBC exemplaire avec panneau hybride<\/a> <\/li><li><strong>Pr\u00e9mian (34)<\/strong> : La commune de Pr\u00e9mian, qui compte 500 habitants, joue les pionniers pour son r\u00e9seau de distribution d&rsquo;\u00e9lectricit\u00e9. Elle a install\u00e9 une centrale photovolta\u00efque et recourt \u00e0 la blockchain pour s\u00e9curiser les transactions.<\/li><li><strong>Puy-Saint-Andr\u00e9<\/strong> (05) : projet impuls\u00e9 par le Maire, 17 centrales photovolta\u00efques soit 3804 m2 de toitures (<a href=\"https:\/\/energie-partagee.org\/projets\/seve\/\">https:\/\/energie-partagee.org\/projets\/seve\/<\/a> &amp; reportage :  <a href=\"https:\/\/reporterre.net\/Le-village-ou-les-habitants-gerent-eux-memes-l-energie-du-soleil\">https:\/\/reporterre.net\/Le-village-ou-les-habitants-gerent-eux-memes-l-energie-du-soleil<\/a>)<\/li><li><strong>Pays d\u2019Aigues<\/strong>&nbsp;(84) : Soci\u00e9t\u00e9 par Action Simplifi\u00e9e (SAS) cr\u00e9\u00e9e en 2015 suite \u00e0 une s\u00e9rie de r\u00e9unions publiques organis\u00e9es par le Parc Naturel R\u00e9gional du Luberon dans les villages de la Communaut\u00e9 Territoriale du Sud Luberon (<a href=\"http:\/\/www.paysdaigues.centralesvillageoises.fr\/\">http:\/\/www.paysdaigues.centralesvillageoises.fr\/<\/a>)<\/li><li><strong>Lure-Albion<\/strong> (04)  (<a href=\"http:\/\/www.lurealbion.centralesvillageoises.fr\/\">http:\/\/www.lurealbion.centralesvillageoises.fr\/<\/a>)<\/li><li><strong>Sud Baronnies<\/strong> (26) : Soci\u00e9t\u00e9 par Action Simplifi\u00e9e, \u00ab\u00a0Ecoles + Salle des f\u00eates + 3&#215;9\u00a0\u00bb (<a href=\"http:\/\/www.sudbaronnies.centralesvillageoises.fr\/\">http:\/\/www.sudbaronnies.centralesvillageoises.fr\/<\/a>)<\/li><li><strong>Ungersheim<\/strong>, la plus grande centrale photovolta\u00efque d\u2019Alsace (2012) (<a href=\"https:\/\/www.mairie-ungersheim.fr\/village-en-transition\/le-photovoltaique\/\">https:\/\/www.mairie-ungersheim.fr\/village-en-transition\/le-photovoltaique\/<\/a>)<\/li><li> <strong>Pas-de-Calais<\/strong>&nbsp;: Exemple de Soci\u00e9t\u00e9 Coop\u00e9rative d\u2019Int\u00e9r\u00eat Collectif (<a href=\"http:\/\/energiecitoyenne.eu\/\">http:\/\/energiecitoyenne.eu\/<\/a>)<\/li><li><strong>Gardanne<\/strong> (13) : inauguration du <a href=\"http:\/\/www.ville-gardanne.fr\/25-janvier-2014-inauguration-du-parc-solaire-des-Sauvaires\">parc solaire des Sauvaires en 2014<\/a><\/li><li><strong>Cabri\u00e8s-Calas<\/strong> (13) : <a href=\"https:\/\/www.facebook.com\/groups\/notrepropreenergie\">projet d&rsquo;autoconsommation collective avec Serenysun<\/a><\/li><li><strong>Ventabrun<\/strong> (13) : des habitants ont convaincu la commune de Ventabren de les soutenir pour d\u00e9velopper une <a href=\"https:\/\/energie-partagee.org\/projets\/solaris-civis\/\">centrale photovolta\u00efque<\/a> au sol (Soci\u00e9t\u00e9 par Action Simplifi\u00e9e)<\/li><li><strong>Trets<\/strong> (13) : Solaire thermique pour des <a href=\"https:\/\/www.ademe.fr\/sites\/default\/files\/assets\/documents\/eas-logirem_emr159.pdf\">logements sociaux \u00e0 Trets<\/a><\/li><\/ul>\n\n\n\n<h2>Pour les \u00e9lus<\/h2>\n\n\n\n<p>Page de l&rsquo;Ademe d\u00e9di\u00e9e aux \u00e9lus : <a rel=\"noreferrer noopener\" href=\"https:\/\/agirpourlatransition.ademe.fr\/collectivites\/elus-un-mandat-pour-agir\" target=\"_blank\">https:\/\/agirpourlatransition.ademe.fr\/collectivites\/elus-un-mandat-pour-agir<\/a><\/p>\n\n\n\n<p>Web conf\u00e9rence du 24 novembre 2020 de l&rsquo;agence locale \u00e9nergies-climat (Aduhme) du Puy-de-D\u00f4me visant \u00e0  promouvoir l\u2019autoconsommation PV aupr\u00e8s des collectivit\u00e9s : <a href=\"https:\/\/www.youtube.com\/watch?v=21ZMEL8SVdk&amp;feature=emb_logo\">\u00e9tat des  lieux, contexte r\u00e9glementaire, domaines d\u2019application et retours  d\u2019exp\u00e9rience<\/a>. L&rsquo;Aduhme intervient pour le compte des collectivit\u00e9s locales les th\u00e9matiques de l&rsquo;efficacit\u00e9 \u00e9nerg\u00e9tique et du d\u00e9veloppement des \u00e9nergies renouvelables. \u00ab\u00a0L&rsquo;auto-consommation n\u00e9cessite d&rsquo;avoir production et consommation au m\u00eame moment, lesquelles \u00e9tant variables, et d&rsquo;avoir la capacit\u00e9 d&rsquo;anticiper tout \u00e7a par un dimensionnement et une logique de pr\u00e9vision\u00a0\u00bb<\/p>\n\n\n\n<h2>Mod\u00e8les juridico-\u00e9conomiques<\/h2>\n\n\n\n<ul><li>Les Communaut\u00e9s d\u2019Energie Citoyenne (article \u00ab\u00a0<a href=\"https:\/\/recherche.grenoble-em.com\/sites\/default\/files\/public\/kcfinder\/articlecommunauteener-2020.pdf\">Etat des lieux actuel et marche \u00e0 suivre<\/a>\u00ab\u00a0, w\u00e9binaire AURACLE \u00ab\u00a0<a href=\"https:\/\/energie-partagee.org\/wp-content\/uploads\/2020\/11\/sebi-vernay-webEnR-communaute-energetique-citoyennes-en-FR-et-aux-PB.pdf\">QUI SONT LES COMMUNAUT\u00c9S \u00c9NERG\u00c9TIQUES ?<\/a>\u00ab\u00a0)<\/li><li><a href=\"https:\/\/energie-partagee.org\/wp-content\/uploads\/2016\/09\/presentation-des-montages-possibles.pdf\">Les montages juridiques et financiers possibles pour qu\u2019une collectivit\u00e9 participe \u00e0 la production d\u2019Enr sur son territoire<\/a><\/li><li>Soci\u00e9t\u00e9 Coop\u00e9rative d\u2019Int\u00e9r\u00eat Collectif <ul><li><a href=\"http:\/\/www.les-scic.coop\/sites\/fr\/les-scic\/les-scic\/qu-est-ce-qu-une-scic.html\">http:\/\/www.les-scic.coop\/sites\/fr\/les-scic\/les-scic\/qu-est-ce-qu-une-scic.html<\/a><\/li><\/ul><ul><li><a href=\"http:\/\/www.les-scic.coop\/export\/sites\/default\/fr\/les-scic\/_media\/documents\/docs-juridique\/Fiche_prxsentation_Scic_CG_Scop_x2016x.pdf\">http:\/\/www.les-scic.coop\/export\/sites\/default\/fr\/les-scic\/_media\/documents\/docs-juridique\/Fiche_prxsentation_Scic_CG_Scop_x2016x.pdf<\/a> <\/li><\/ul><ul><li>    \u00ab\u00a0Quelle est l&rsquo;histoire de \u2018\u2019La marque du consommateur &#8211; c&rsquo;est qui le patron ?!\u2019\u2019 \u00bb (<a href=\"https:\/\/www.economie.gouv.fr\/entreprises\/societe-cooperative-interet-collectif-scic\">https:\/\/www.economie.gouv.fr\/entreprises\/societe-cooperative-interet-collectif-scic<\/a>)<\/li><\/ul><\/li><li> \u00ab\u00a0Les SCOOP, les SCIC, c&rsquo;est quoi ?\u00a0\u00bb (<a href=\"https:\/\/www.economie.gouv.fr\/ess\/scop-scic-cest-quoi\">https:\/\/www.economie.gouv.fr\/ess\/scop-scic-cest-quoi<\/a>)<\/li><li> Soci\u00e9t\u00e9 par Action Simplifi\u00e9e (SAS) (<a href=\"https:\/\/www.economie.gouv.fr\/entreprises\/societe-actions-simplifiee-SAS\">https:\/\/www.economie.gouv.fr\/entreprises\/societe-actions-simplifiee-SAS<\/a>)<\/li><li> \u2026<\/li><\/ul>\n\n\n\n<p>Soci\u00e9t\u00e9 Coop\u00e9rative d\u2019Int\u00e9r\u00eat Collectif <br>       \u25e6    <a href=\"http:\/\/www.les-scic.coop\/sites\/fr\/les-scic\/les-scic\/qu-est-ce-qu-une-scic.html\">http:\/\/www.les-scic.coop\/sites\/fr\/les-scic\/les-scic\/qu-est-ce-qu-une-scic.html<\/a><br>       \u25e6    <a href=\"http:\/\/www.les-scic.coop\/export\/sites\/default\/fr\/les-scic\/_media\/documents\/docs-juridique\/Fiche_prxsentation_Scic_CG_Scop_x2016x.pdf\">http:\/\/www.les-scic.coop\/export\/sites\/default\/fr\/les-scic\/_media\/documents\/docs-juridique\/Fiche_prxsentation_Scic_CG_Scop_x2016x.pdf<\/a> <br>       \u25e6    \u00ab\u00a0Quelle est l&rsquo;histoire de \u2018\u2019La marque du consommateur &#8211; c&rsquo;est qui le patron ?!\u2019\u2019 \u00bb (<a href=\"https:\/\/www.economie.gouv.fr\/entreprises\/societe-cooperative-interet-collectif-scic\">https:\/\/www.economie.gouv.fr\/entreprises\/societe-cooperative-interet-collectif-scic<\/a>)<br> \u2022    \u00ab\u00a0Les SCOOP, les SCIC, c&rsquo;est quoi ?\u00a0\u00bb (<a href=\"https:\/\/www.economie.gouv.fr\/ess\/scop-scic-cest-quoi\">https:\/\/www.economie.gouv.fr\/ess\/scop-scic-cest-quoi<\/a>)<br> \u2022    Soci\u00e9t\u00e9 par Action Simplifi\u00e9e (SAS) (<a href=\"https:\/\/www.economie.gouv.fr\/entreprises\/societe-actions-simplifiee-SAS\">https:\/\/www.economie.gouv.fr\/entreprises\/societe-actions-simplifiee-SAS<\/a>)<br> \u2022    \u2026<\/p>\n\n\n\n<p><span style=\"text-decoration: underline;\">Divers \u00e0 consulter <\/span>:<br> \u2022    <a href=\"https:\/\/paca.enercoop.fr\/\">https:\/\/paca.enercoop.fr\/<\/a><br> \u2022    <a href=\"https:\/\/energie-partagee.org\/\">https:\/\/energie-partagee.org\/<\/a><br> \u2022    <a href=\"https:\/\/www.provence-energie-citoyenne.fr\/\">https:\/\/www.provence-energie-citoyenne.fr\/<\/a><br> \u2022    <a href=\"http:\/\/www.centralesvillageoises.fr\/\">http:\/\/www.centralesvillageoises.fr\/<\/a><br> \u2022    <a href=\"https:\/\/www.pvcycle.fr\/\">https:\/\/www.pvcycle.fr\/<\/a>  collecte et recyclage des panneaux photo-volta\u00efques<br> \u2022    <a href=\"http:\/\/www.les-scic.coop\/sites\/fr\/les-scic\/\">http:\/\/www.les-scic.coop\/sites\/fr\/les-scic\/<\/a><br> \u2022    <a href=\"https:\/\/www.collecticity.fr\/\">https:\/\/www.collecticity.fr\/<\/a><br> \u2022    <a href=\"https:\/\/enrcit.fr\/\">https:\/\/enrcit.fr\/<\/a><br> \u2022    \u2026<\/p>\n","protected":false},"excerpt":{"rendered":"<p>Cette page regroupe l&rsquo;ensemble des livres, ouvrages, sites internet, articles, films, documentaires ou encore sites physiques \u00e0 visiter concernant le th\u00e8me ENERGIE dans la transition \u00e9cologique.Pour nous proposer une r\u00e9f\u00e9rence sur ce th\u00e8me, \u00e9crivez-nous. Des id\u00e9es, des envies en lien<\/p>\n","protected":false},"author":5,"featured_media":0,"parent":0,"menu_order":0,"comment_status":"closed","ping_status":"closed","template":"","meta":[],"_links":{"self":[{"href":"http:\/\/boucentransition.online.fr\/index.php\/wp-json\/wp\/v2\/pages\/464"}],"collection":[{"href":"http:\/\/boucentransition.online.fr\/index.php\/wp-json\/wp\/v2\/pages"}],"about":[{"href":"http:\/\/boucentransition.online.fr\/index.php\/wp-json\/wp\/v2\/types\/page"}],"author":[{"embeddable":true,"href":"http:\/\/boucentransition.online.fr\/index.php\/wp-json\/wp\/v2\/users\/5"}],"replies":[{"embeddable":true,"href":"http:\/\/boucentransition.online.fr\/index.php\/wp-json\/wp\/v2\/comments?post=464"}],"version-history":[{"count":18,"href":"http:\/\/boucentransition.online.fr\/index.php\/wp-json\/wp\/v2\/pages\/464\/revisions"}],"predecessor-version":[{"id":753,"href":"http:\/\/boucentransition.online.fr\/index.php\/wp-json\/wp\/v2\/pages\/464\/revisions\/753"}],"wp:attachment":[{"href":"http:\/\/boucentransition.online.fr\/index.php\/wp-json\/wp\/v2\/media?parent=464"}],"curies":[{"name":"wp","href":"https:\/\/api.w.org\/{rel}","templated":true}]}}